{"id":2,"date":"2025-06-16T18:54:09","date_gmt":"2025-06-16T18:54:09","guid":{"rendered":"https:\/\/api.hj-energi.dk\/DIF\/?page_id=2"},"modified":"2025-06-16T21:15:41","modified_gmt":"2025-06-16T21:15:41","slug":"sample-page","status":"publish","type":"page","link":"https:\/\/api.hj-energi.dk\/DIF\/","title":{"rendered":""},"content":{"rendered":"\n<div class=\"wp-block-cover is-light\"><img loading=\"lazy\" decoding=\"async\" width=\"373\" height=\"464\" class=\"wp-block-cover__image-background wp-image-117 size-full\" alt=\"\" src=\"https:\/\/api.hj-energi.dk\/DIF\/wp-content\/uploads\/2025\/06\/69652519_2466187163617135_4733593330774966272_n-1-e1750106094674.jpg\" data-object-fit=\"cover\" srcset=\"https:\/\/api.hj-energi.dk\/DIF\/wp-content\/uploads\/2025\/06\/69652519_2466187163617135_4733593330774966272_n-1-e1750106094674.jpg 373w, https:\/\/api.hj-energi.dk\/DIF\/wp-content\/uploads\/2025\/06\/69652519_2466187163617135_4733593330774966272_n-1-e1750106094674-241x300.jpg 241w\" sizes=\"auto, (max-width: 373px) 100vw, 373px\" \/><span aria-hidden=\"true\" class=\"wp-block-cover__background has-background-dim\" style=\"background-color:#9a8b7f\"><\/span><div class=\"wp-block-cover__inner-container has-global-padding is-layout-constrained wp-block-cover-is-layout-constrained\">\n<p class=\"has-text-align-center has-large-font-size\">Badminton s\u00e6son 2025-2026<\/p>\n<\/div><\/div>\n\n\n\n<p>Husk at der afholdes FerieFjer i Dronninglund den 5-7 august 2025!<br><br>Den nye s\u00e6son starter 1. september og forts\u00e6tter helt til april<br><br>Det er muligt at leje en badminton for den s\u00e6son allerede nu under tilmelding<br><br><strong>Ungdomstr\u00e6ning<\/strong><br>Mandag fra 16:30<br>Fredag fra 16:15-17:30<br><br><strong>VoksenFjer<\/strong><br>Mandag fra 19:50-21:00<br><br><strong>SeniorFjer<\/strong><br>Fredag fra 15:00-16:00<br><br><strong>MiniTon (for\u00e6ldre og b\u00f8rn 3-6 \u00e5r)<\/strong><br>L\u00f8rdag fra kl 11:00-12:00&nbsp;<br><br><strong>Baneleje<\/strong><br>Mandag og tirsdag aftenHar du styr p\u00e5 reglerne i badminton?<br>Hvis ikke har DGI en lille hurtig guide til reglerne&nbsp;<a href=\"https:\/\/www.dgi.dk\/badminton\/badminton\/vejledninger\/badmintonregler\" target=\"_blank\" rel=\"noreferrer noopener\">her<\/a>!<\/p>\n\n\n\n<style>\n  .card-wrapper {\n    position: relative;\n    margin-left: 80px; \/* giver plads til billede til venstre *\/\n  }\n\n  .card-image {\n    width: 300px;\n    border-radius: 15px;\n    position: absolute;\n    top: 20px;\n    left: -80px; \/* stikker udenfor wrapper *\/\n    z-index: 2;\n  }\n\n  .card-container {\n    background-color: #20273F;\n    border-radius: 15px;\n    padding: 20px;\n    color: white;\n    display: flex;\n    flex-direction: column;\n    gap: 10px;\n    position: relative;\n    z-index: 1;\n  padding: 250px;\n  }\n\n  .scroll-container {\n    max-height: 400px;\n    overflow-y: auto;\n    scrollbar-width: thin;\n    scrollbar-color: red transparent;\n  }\n\n  .scroll-container::-webkit-scrollbar {\n    width: 3px;\n  }\n\n  .scroll-container::-webkit-scrollbar-track {\n    background: transparent;\n  }\n\n  .scroll-container::-webkit-scrollbar-thumb {\n    background: red;\n    border-radius: 10px;\n  }\n\n  .scroll-container::-webkit-scrollbar-thumb:hover {\n    background: darkred;\n  }\n\n  @media (max-width: 600px) {\n    .card-wrapper {\n      margin-left: 0;\n    }\n\n    .card-image {\n      position: relative;\n      left: 0;\n      top: 0;\n      margin-bottom: 10px;\n      width: 100px;\n    }\n  }\n<\/style>\n\n<div class=\"card-wrapper\">\n  <img decoding=\"async\" class=\"card-image\" src=\"https:\/\/api.hj-energi.dk\/DIF\/wp-content\/uploads\/2025\/06\/69652519_2466187163617135_4733593330774966272_n-1-e1750106094674.jpg\" alt=\"Billede\" \/>\n  \n  <div class=\"card-container\">\n    <strong>Badminton s\u00e6sonen 2025-2026<\/strong><br \/><br \/>\n    <div class=\"scroll-container\">\n      test<br\/>test<br\/>test<br\/>test<br\/>test<br\/>\n      test<br\/>test<br\/>test<br\/>test<br\/>test<br\/>\n      test<br\/>test<br\/>test<br\/>test<br\/>test<br\/>\n    <\/div>\n  <\/div>\n<\/div>\n\n\n\n\n<p><\/p>\n","protected":false},"excerpt":{"rendered":"<p>Husk at der afholdes FerieFjer i Dronninglund den 5-7 august 2025! Den nye s\u00e6son starter 1. september og forts\u00e6tter helt til april Det er muligt at leje en badminton for den s\u00e6son allerede nu under tilmelding Ungdomstr\u00e6ningMandag fra 16:30Fredag fra 16:15-17:30 VoksenFjerMandag fra 19:50-21:00 SeniorFjerFredag fra 15:00-16:00 MiniTon (for\u00e6ldre og b\u00f8rn 3-6 \u00e5r)L\u00f8rdag fra kl [&hellip;]<\/p>\n","protected":false},"author":1,"featured_media":0,"parent":0,"menu_order":0,"comment_status":"closed","ping_status":"open","template":"","meta":{"footnotes":""},"class_list":["post-2","page","type-page","status-publish","hentry"],"_links":{"self":[{"href":"https:\/\/api.hj-energi.dk\/DIF\/index.php\/wp-json\/wp\/v2\/pages\/2","targetHints":{"allow":["GET"]}}],"collection":[{"href":"https:\/\/api.hj-energi.dk\/DIF\/index.php\/wp-json\/wp\/v2\/pages"}],"about":[{"href":"https:\/\/api.hj-energi.dk\/DIF\/index.php\/wp-json\/wp\/v2\/types\/page"}],"author":[{"embeddable":true,"href":"https:\/\/api.hj-energi.dk\/DIF\/index.php\/wp-json\/wp\/v2\/users\/1"}],"replies":[{"embeddable":true,"href":"https:\/\/api.hj-energi.dk\/DIF\/index.php\/wp-json\/wp\/v2\/comments?post=2"}],"version-history":[{"count":13,"href":"https:\/\/api.hj-energi.dk\/DIF\/index.php\/wp-json\/wp\/v2\/pages\/2\/revisions"}],"predecessor-version":[{"id":116,"href":"https:\/\/api.hj-energi.dk\/DIF\/index.php\/wp-json\/wp\/v2\/pages\/2\/revisions\/116"}],"wp:attachment":[{"href":"https:\/\/api.hj-energi.dk\/DIF\/index.php\/wp-json\/wp\/v2\/media?parent=2"}],"curies":[{"name":"wp","href":"https:\/\/api.w.org\/{rel}","templated":true}]}}