{"id":21,"date":"2025-06-16T19:12:01","date_gmt":"2025-06-16T19:12:01","guid":{"rendered":"https:\/\/api.hj-energi.dk\/DIF\/?page_id=21"},"modified":"2025-08-10T21:10:31","modified_gmt":"2025-08-10T21:10:31","slug":"ungdom","status":"publish","type":"page","link":"https:\/\/api.hj-energi.dk\/DIF\/index.php\/ungdom\/","title":{"rendered":"Ungdom"},"content":{"rendered":"\n<h2 class=\"wp-block-heading\">Dronninglund IF Badminton, Ungdom<\/h2>\n\n\n\n<div class=\"wp-block-group has-global-padding is-layout-constrained wp-block-group-is-layout-constrained\">\n<p>Badmintonklubben tilbyder tr\u00e6ning for b\u00f8rn- og ungdomsspillere.&nbsp;Vi spiller hver mandag og fredag! Her p\u00e5 undersiderne kan du l\u00e6se mere om tr\u00e6ningstider, kontingent, tr\u00e6nere og aktiviteter. <\/p>\n<\/div>\n\n\n\n<p>Bare m\u00f8d op&nbsp;&#8211; de f\u00f8rste to gange er gratis. Vi gl\u00e6der os til at se dig. <\/p>\n\n\n\n<p>Har du sp\u00f8rgsm\u00e5l er du altid velkomne til at kontakte os enten p\u00e5 vores mail: difbadminton@gmail.com eller direkte til en af bestyrelsesmedlemmerne p\u00e5&nbsp;kontaktsiden.<\/p>\n\n\n\n<div class=\"wp-block-columns is-layout-flex wp-container-core-columns-is-layout-28f84493 wp-block-columns-is-layout-flex\">\n<div class=\"wp-block-column is-layout-flow wp-block-column-is-layout-flow\" style=\"flex-basis:100%\">\n<script type=\"text\/javascript\" src=\"https:\/\/www.conventus.dk\/dataudv\/www\/holdoversigt_ny.php?foreningsid=8700&#038;afdelingsid=34961&#038;handelsbetingelser=1&#038;reservationer=vis&#038;skjul_nyt_medlem=0&#038;skjul_allerede_medlem=0&#038;raekkefoelge=alfabetisk&#038;vis_adresse=0&#038;knap_placering=horisontal&#038;highlight=pris&#038;start=periode&#038;info=tid_sted;alder;betaling;tilmelding;tilmeld_aabner_om;ledere;om_holdet&#038;sprog=auto\"><\/script>\n<\/div>\n<\/div>\n\n\n\n<p><\/p>\n","protected":false},"excerpt":{"rendered":"<p>Dronninglund IF Badminton, Ungdom Badmintonklubben tilbyder tr\u00e6ning for b\u00f8rn- og ungdomsspillere.&nbsp;Vi spiller hver mandag og fredag! Her p\u00e5 undersiderne kan du l\u00e6se mere om tr\u00e6ningstider, kontingent, tr\u00e6nere og aktiviteter. Bare m\u00f8d op&nbsp;&#8211; de f\u00f8rste to gange er gratis. Vi gl\u00e6der os til at se dig. Har du sp\u00f8rgsm\u00e5l er du altid velkomne til at kontakte [&hellip;]<\/p>\n","protected":false},"author":1,"featured_media":0,"parent":0,"menu_order":0,"comment_status":"closed","ping_status":"closed","template":"","meta":{"footnotes":""},"class_list":["post-21","page","type-page","status-publish","hentry"],"_links":{"self":[{"href":"https:\/\/api.hj-energi.dk\/DIF\/index.php\/wp-json\/wp\/v2\/pages\/21","targetHints":{"allow":["GET"]}}],"collection":[{"href":"https:\/\/api.hj-energi.dk\/DIF\/index.php\/wp-json\/wp\/v2\/pages"}],"about":[{"href":"https:\/\/api.hj-energi.dk\/DIF\/index.php\/wp-json\/wp\/v2\/types\/page"}],"author":[{"embeddable":true,"href":"https:\/\/api.hj-energi.dk\/DIF\/index.php\/wp-json\/wp\/v2\/users\/1"}],"replies":[{"embeddable":true,"href":"https:\/\/api.hj-energi.dk\/DIF\/index.php\/wp-json\/wp\/v2\/comments?post=21"}],"version-history":[{"count":16,"href":"https:\/\/api.hj-energi.dk\/DIF\/index.php\/wp-json\/wp\/v2\/pages\/21\/revisions"}],"predecessor-version":[{"id":207,"href":"https:\/\/api.hj-energi.dk\/DIF\/index.php\/wp-json\/wp\/v2\/pages\/21\/revisions\/207"}],"wp:attachment":[{"href":"https:\/\/api.hj-energi.dk\/DIF\/index.php\/wp-json\/wp\/v2\/media?parent=21"}],"curies":[{"name":"wp","href":"https:\/\/api.w.org\/{rel}","templated":true}]}}