{"id":29,"date":"2025-06-16T19:13:22","date_gmt":"2025-06-16T19:13:22","guid":{"rendered":"https:\/\/api.hj-energi.dk\/DIF\/?page_id=29"},"modified":"2025-08-10T21:19:38","modified_gmt":"2025-08-10T21:19:38","slug":"voksenfjer","status":"publish","type":"page","link":"https:\/\/api.hj-energi.dk\/DIF\/index.php\/voksenfjer\/","title":{"rendered":"VoksenFjer"},"content":{"rendered":"\n<div class=\"wp-block-columns is-layout-flex wp-container-core-columns-is-layout-28f84493 wp-block-columns-is-layout-flex\">\n<div class=\"wp-block-column is-layout-flow wp-block-column-is-layout-flow\" style=\"flex-basis:100%\">\n<figure class=\"wp-block-table\">Hvis du gerne vil l\u00e6re nye badmintontricks, spille badminton og m\u00f8de nye mennesker, s\u00e5 er det muligt at spille VoksenFjer hver mandag. Vi starter med lidt opvarmning, tr\u00e6ning og afslutter med kampe.\u00a0<br><br>Vi m\u00f8des mandag kl. 19:50-21:00<br><br><\/figure>\n\n<script type=\"text\/javascript\" src=\"https:\/\/www.conventus.dk\/dataudv\/www\/holdoversigt_ny.php?foreningsid=8700&#038;afdelingsid=35677&#038;handelsbetingelser=1&#038;reservationer=vis&#038;skjul_nyt_medlem=0&#038;skjul_allerede_medlem=0&#038;raekkefoelge=alfabetisk&#038;vis_adresse=0&#038;knap_placering=horisontal&#038;highlight=pris&#038;start=periode&#038;info=tid_sted;alder;betaling;tilmelding;tilmeld_aabner_om;ledere;om_holdet&#038;sprog=auto\"><\/script>\n<\/div>\n<\/div>\n","protected":false},"excerpt":{"rendered":"<p>Hvis du gerne vil l\u00e6re nye badmintontricks, spille badminton og m\u00f8de nye mennesker, s\u00e5 er det muligt at spille VoksenFjer hver mandag. Vi starter med lidt opvarmning, tr\u00e6ning og afslutter med kampe.\u00a0 Vi m\u00f8des mandag kl. 19:50-21:00<\/p>\n","protected":false},"author":1,"featured_media":0,"parent":0,"menu_order":0,"comment_status":"closed","ping_status":"closed","template":"","meta":{"footnotes":""},"class_list":["post-29","page","type-page","status-publish","hentry"],"_links":{"self":[{"href":"https:\/\/api.hj-energi.dk\/DIF\/index.php\/wp-json\/wp\/v2\/pages\/29","targetHints":{"allow":["GET"]}}],"collection":[{"href":"https:\/\/api.hj-energi.dk\/DIF\/index.php\/wp-json\/wp\/v2\/pages"}],"about":[{"href":"https:\/\/api.hj-energi.dk\/DIF\/index.php\/wp-json\/wp\/v2\/types\/page"}],"author":[{"embeddable":true,"href":"https:\/\/api.hj-energi.dk\/DIF\/index.php\/wp-json\/wp\/v2\/users\/1"}],"replies":[{"embeddable":true,"href":"https:\/\/api.hj-energi.dk\/DIF\/index.php\/wp-json\/wp\/v2\/comments?post=29"}],"version-history":[{"count":7,"href":"https:\/\/api.hj-energi.dk\/DIF\/index.php\/wp-json\/wp\/v2\/pages\/29\/revisions"}],"predecessor-version":[{"id":228,"href":"https:\/\/api.hj-energi.dk\/DIF\/index.php\/wp-json\/wp\/v2\/pages\/29\/revisions\/228"}],"wp:attachment":[{"href":"https:\/\/api.hj-energi.dk\/DIF\/index.php\/wp-json\/wp\/v2\/media?parent=29"}],"curies":[{"name":"wp","href":"https:\/\/api.w.org\/{rel}","templated":true}]}}