{"id":3,"date":"2025-06-16T18:54:09","date_gmt":"2025-06-16T18:54:09","guid":{"rendered":"https:\/\/api.hj-energi.dk\/DIF\/?page_id=3"},"modified":"2025-06-16T19:11:32","modified_gmt":"2025-06-16T19:11:32","slug":"privacy-policy","status":"publish","type":"page","link":"https:\/\/api.hj-energi.dk\/DIF\/index.php\/privacy-policy\/","title":{"rendered":"Privatlivspolitik for Dronninglund\u00a0Idr\u00e6tsforenings\u00a0Badmintonafdeling"},"content":{"rendered":"\n<figure class=\"wp-block-table\"><table class=\"has-fixed-layout\"><tbody><tr><td>Vores privatlivspolitik forklarer hvordan vi gemmer, anvender og sletter personlige informationer over vores medlemmer, tr\u00e6nere og \u00f8vrige personer<br><br><strong>Dataansvarlig<\/strong><br><br>I Dronninglund Idr\u00e6tsforenings Badmintonafdeling er vi dataansvarlig i forbindelse med behandlingen af personoplysninger om dig. Vi er:<br>\u00a0<br>Dronninglund Idr\u00e6tsforenings Badmintonafdeling<br>CVR-nummer 3443 9451<br>Lindenovsvej 111<br>9330 Dronninglund<br><a>difbadminton@gmail.com<\/a><br>Telefonnummer 21627216<br><br>\u00a0<strong>Brug af personoplysninger<\/strong>\u00a0<br>Foreningen registrere alle medlemmer i et digitalt medlemsregister<br>Data anvendes i forbindelse med den \u00e5rlige indberetning af medlemstal til kommunen<br>Data anvendes n\u00e5r vi skal i kontakt med vores medlemmer f.eks. i forbindelse med arrangementer, kontingent og generalforsamlinger.<br>\u00a0<br>Foreningen registrere oplysninger om tr\u00e6ner blandt andet for at kunne udbetale l\u00f8n.<br>Foreningen l\u00e6gger en oversigt over tr\u00e6nere og bestyrelsesmedlemmer ud p\u00e5 foreningens hjemmeside. Heraf fremg\u00e5r bop\u00e6l, telefonnummer og e-mail adresse.<br>\u00a0<br>\u00a0<strong>Kategorier af personoplysninger<\/strong><br>Vi indsamler f\u00f8lgende oplysninger<br>\u00a0<br>For medlemmer, tr\u00e6nere og bestyrelsesmedlemmer registreres almindelige personoplysninger, s\u00e5som navn, adresse, telefonnummer, f\u00f8dselsdato og e-mail adresse<br>\u00a0<br>For tr\u00e6nere og bestyrelsesmedlemmer registreres CPR-nummer. CPR-nummer er n\u00f8dvendig for at kunne udbetale l\u00f8n og indhente b\u00f8rneattester.<br><br>\u00a0<strong>Kilder<\/strong>\u00a0<br>Foreningen modtager oplysninger fra myndighederne ved indhentning af b\u00f8rneattester.<br>\u00a0<br>\u00a0<strong>Behandlingsgrundlag<\/strong><br>Persondata opbevares p\u00e5 vores digitale database (Conventus). Bestyrelsen har som de eneste adgang til disse data. Medlemslister kan bliver udprintet og anvendt af tr\u00e6ner for at foreningen kan sikre sig, at deltagerne i badmintontr\u00e6ningen er medlemmer af foreningen og for at kunne udsende information om st\u00e6vner og \u00f8vrige arrangementer. Foreningen kan offentligg\u00f8re lister over deltagere i forbindelse med konkurrencer og st\u00e6vner, som foreningen arrangere.<br><br>\u00a0<strong>Videregivelse af dine personoplysninger<\/strong><br>Vi videregiver dine personoplysninger til f\u00f8lgende kategorier af modtagere:<br>\u00a0<br>For medlemmer vil foreningen udveksle oplysninger i forbindelse med st\u00e6vner med den turnerings eller st\u00e6vneansvarlige organisation og landsdelsforeningen.<br>\u00a0<br>For tr\u00e6nere vil foreningen desuden udveksle oplysninger med offentlige myndigheder i forbindelse med indhentning af b\u00f8rneattester. B\u00f8rneattester med anm\u00e6rkninger videregives til hovedorganisationen.<br><br>\u00a0<strong>Opbevaring af dine personoplysninger<\/strong><br>For medlemmer og bestyrelsesmedlemmer opbevares personoplysninger i op til\u00a05 \u00e5r fra medlemsskabets afslutning.<br>For tr\u00e6nere opbevares personoplysninger i op til 5 \u00e5r efter stillingen fratr\u00e6des<br>\u00a0<br>Vi vil opbevare dine personoplysninger i overensstemmelse med f\u00f8lgende kriterier:<br>\u00a0<br>Oplysninger opbevares i vores databehandlingssystem (Conventus) og vil kun kunne ses af foreningens bestyrelsesmedlemmer.<br>\u00a0<br>\u00a0<br>\u00a0<strong>Dine rettigheder<\/strong><br>Du har f\u00f8lgende rettigheder:<br>\u00b7\u00a0\u00a0\u00a0\u00a0\u00a0\u00a0 Du har ret til at anmode om indsigt, berigtigelse eller sletning af dine personoplysninger.<br>\u00b7\u00a0\u00a0\u00a0\u00a0\u00a0\u00a0 Du har ogs\u00e5 ret til at mods\u00e6tte dig behandlingen af dine personoplysninger og f\u00e5 behandlingen af dine personoplysninger begr\u00e6nset.<br>\u00b7\u00a0\u00a0\u00a0\u00a0\u00a0\u00a0 S\u00e6rligt har du en ubetinget ret til at mods\u00e6tte dig behandling af dine personoplysninger til brug for direkte markedsf\u00f8ring.<br>\u00b7\u00a0\u00a0\u00a0\u00a0\u00a0\u00a0 Hvis behandlingen af dine personoplysninger er baseret p\u00e5 dit samtykke, har du ret til at tilbagekalde dit samtykke til enhver tid. For at tilbagekalde dit samtykke kan du kontakte forenings formand eller en af de \u00f8vrige bestyrelsesmedlemmer<br>\u00b7\u00a0\u00a0\u00a0\u00a0\u00a0\u00a0 Du har ret til at modtage de personoplysninger, som du selv har afgivet, i et struktureret, almindeligt anvendt og maskinl\u00e6sbart format (dataportabilitet).<br>\u00b7\u00a0\u00a0\u00a0\u00a0\u00a0\u00a0 Du kan altid indgive en klage til en databeskyttelsestilsynsmyndighed, f.eks. Datatilsynet.<br>\u00a0<br>Du kan g\u00f8re brug af dine rettigheder ved at kontakte forenings formand eller den \u00f8vrige bestyrelse telefonisk, elektronisk (e-mail) eller post. Kontaktoplysninger for bestyrelsen fremg\u00e5r af foreningens hjemmeside (difbadminton.dk)<br>\u00a0<br>Der kan v\u00e6re betingelser eller begr\u00e6nsninger til disse rettigheder. Det er derfor ikke sikkert, at du f.eks. har ret til dataportabilitet i det konkrete tilf\u00e6lde &#8211; dette afh\u00e6nger af de konkrete omst\u00e6ndigheder i forbindelse med behandlingsaktiviteterne.<br>\u00a0<br><em>Sidst opdateret: 7 april 2018<\/em><\/td><\/tr><\/tbody><\/table><\/figure>\n","protected":false},"excerpt":{"rendered":"<p>Vores privatlivspolitik forklarer hvordan vi gemmer, anvender og sletter personlige informationer over vores medlemmer, tr\u00e6nere og \u00f8vrige personer Dataansvarlig I Dronninglund Idr\u00e6tsforenings Badmintonafdeling er vi dataansvarlig i forbindelse med behandlingen af personoplysninger om dig. Vi er:\u00a0Dronninglund Idr\u00e6tsforenings BadmintonafdelingCVR-nummer 3443 9451Lindenovsvej 1119330 Dronninglunddifbadminton@gmail.comTelefonnummer 21627216 \u00a0Brug af personoplysninger\u00a0Foreningen registrere alle medlemmer i et digitalt medlemsregisterData anvendes i [&hellip;]<\/p>\n","protected":false},"author":1,"featured_media":0,"parent":0,"menu_order":0,"comment_status":"closed","ping_status":"open","template":"","meta":{"footnotes":""},"class_list":["post-3","page","type-page","status-publish","hentry"],"_links":{"self":[{"href":"https:\/\/api.hj-energi.dk\/DIF\/index.php\/wp-json\/wp\/v2\/pages\/3","targetHints":{"allow":["GET"]}}],"collection":[{"href":"https:\/\/api.hj-energi.dk\/DIF\/index.php\/wp-json\/wp\/v2\/pages"}],"about":[{"href":"https:\/\/api.hj-energi.dk\/DIF\/index.php\/wp-json\/wp\/v2\/types\/page"}],"author":[{"embeddable":true,"href":"https:\/\/api.hj-energi.dk\/DIF\/index.php\/wp-json\/wp\/v2\/users\/1"}],"replies":[{"embeddable":true,"href":"https:\/\/api.hj-energi.dk\/DIF\/index.php\/wp-json\/wp\/v2\/comments?post=3"}],"version-history":[{"count":1,"href":"https:\/\/api.hj-energi.dk\/DIF\/index.php\/wp-json\/wp\/v2\/pages\/3\/revisions"}],"predecessor-version":[{"id":20,"href":"https:\/\/api.hj-energi.dk\/DIF\/index.php\/wp-json\/wp\/v2\/pages\/3\/revisions\/20"}],"wp:attachment":[{"href":"https:\/\/api.hj-energi.dk\/DIF\/index.php\/wp-json\/wp\/v2\/media?parent=3"}],"curies":[{"name":"wp","href":"https:\/\/api.w.org\/{rel}","templated":true}]}}