{"id":33,"date":"2025-06-16T19:13:58","date_gmt":"2025-06-16T19:13:58","guid":{"rendered":"https:\/\/api.hj-energi.dk\/DIF\/?page_id=33"},"modified":"2025-08-10T21:22:53","modified_gmt":"2025-08-10T21:22:53","slug":"seniorfjer","status":"publish","type":"page","link":"https:\/\/api.hj-energi.dk\/DIF\/index.php\/seniorfjer\/","title":{"rendered":"SeniorFjer"},"content":{"rendered":"\n<figure>Er du over 60 \u00e5r, tilbyder klubben tr\u00e6ning med tr\u00e6ner hver fredag i hele s\u00e6sonnen.\u00a0<br><br>Tidspunkt: 15:00-16:00<br>Der er tre pr\u00f8vegange, s\u00e5 bare\u00a0m\u00f8d op &#8211; alle kan v\u00e6re med!\n\n<script type=\"text\/javascript\" src=\"https:\/\/www.conventus.dk\/dataudv\/www\/holdoversigt_ny.php?foreningsid=8700&#038;afdelingsid=51366&#038;handelsbetingelser=1&#038;reservationer=vis&#038;skjul_nyt_medlem=0&#038;skjul_allerede_medlem=0&#038;raekkefoelge=alfabetisk&#038;vis_adresse=0&#038;knap_placering=horisontal&#038;highlight=pris&#038;start=periode&#038;info=tid_sted;alder;betaling;tilmelding;tilmeld_aabner_om;ledere;om_holdet&#038;sprog=auto\"><\/script>\n<\/figure>\n","protected":false},"excerpt":{"rendered":"<p>Er du over 60 \u00e5r, tilbyder klubben tr\u00e6ning med tr\u00e6ner hver fredag i hele s\u00e6sonnen.\u00a0 Tidspunkt: 15:00-16:00Der er tre pr\u00f8vegange, s\u00e5 bare\u00a0m\u00f8d op &#8211; alle kan v\u00e6re med!<\/p>\n","protected":false},"author":1,"featured_media":0,"parent":0,"menu_order":0,"comment_status":"closed","ping_status":"closed","template":"","meta":{"footnotes":""},"class_list":["post-33","page","type-page","status-publish","hentry"],"_links":{"self":[{"href":"https:\/\/api.hj-energi.dk\/DIF\/index.php\/wp-json\/wp\/v2\/pages\/33","targetHints":{"allow":["GET"]}}],"collection":[{"href":"https:\/\/api.hj-energi.dk\/DIF\/index.php\/wp-json\/wp\/v2\/pages"}],"about":[{"href":"https:\/\/api.hj-energi.dk\/DIF\/index.php\/wp-json\/wp\/v2\/types\/page"}],"author":[{"embeddable":true,"href":"https:\/\/api.hj-energi.dk\/DIF\/index.php\/wp-json\/wp\/v2\/users\/1"}],"replies":[{"embeddable":true,"href":"https:\/\/api.hj-energi.dk\/DIF\/index.php\/wp-json\/wp\/v2\/comments?post=33"}],"version-history":[{"count":11,"href":"https:\/\/api.hj-energi.dk\/DIF\/index.php\/wp-json\/wp\/v2\/pages\/33\/revisions"}],"predecessor-version":[{"id":238,"href":"https:\/\/api.hj-energi.dk\/DIF\/index.php\/wp-json\/wp\/v2\/pages\/33\/revisions\/238"}],"wp:attachment":[{"href":"https:\/\/api.hj-energi.dk\/DIF\/index.php\/wp-json\/wp\/v2\/media?parent=33"}],"curies":[{"name":"wp","href":"https:\/\/api.w.org\/{rel}","templated":true}]}}