{"id":37,"date":"2025-06-16T19:14:39","date_gmt":"2025-06-16T19:14:39","guid":{"rendered":"https:\/\/api.hj-energi.dk\/DIF\/?page_id=37"},"modified":"2025-06-16T19:14:39","modified_gmt":"2025-06-16T19:14:39","slug":"saeson","status":"publish","type":"page","link":"https:\/\/api.hj-energi.dk\/DIF\/index.php\/saeson\/","title":{"rendered":"S\u00e6son"},"content":{"rendered":"\n<figure class=\"wp-block-table\"><table class=\"has-fixed-layout\"><tbody><tr><td><a><\/a><a><\/a><a><\/a><strong>Leje af baner<\/strong><br><br>Det er muligt at leje baner mandag og tirdag aften.<br><br><strong>Mandag<\/strong>&nbsp;kan man spille p\u00e5 f\u00f8lgende tidspunkter<br>kl. 19:00-19:50, 19:50-20:40, 20:40-21:30<br><br><strong>Tirsdag<\/strong>&nbsp;kan man spille p\u00e5 f\u00f8lgende tidspunkter<br>kl. 19:30-20:20, 20:20-21:10, 21:10-22:00<br><br>\u200b<a href=\"http:\/\/www.difbadminton.dk\/Motionister-331294\"><u><strong>Tilmelding<\/strong><\/u><\/a><br><br><strong>Kontingent<\/strong><br>Hele s\u00e6sonen<br>Tidspunkter inden&nbsp;20:40: 2.000 kr. pr. bane (50 min.\/uge)<br><br><strong>Bem\u00e6rk rabat p\u00e5 leje af baner efter 20:50<\/strong><br>Vi har tidligere haft sv\u00e6rt ved at udleje baner p\u00e5 de sene tidspunkter. Derfor har vi sat prisen ned for disse baner, s\u00e5 man sparer 600 kr.<br>Det g\u00e6lder mandag kl 20:40-21:30&nbsp;og tirsdag kl 20:50-21:40.<br><br><br>\u200b<strong>K\u00f8b af fjerbolde<\/strong><br>\u200bDet er muligt at k\u00f8be fjerbolde &#8211; se mere&nbsp;<a href=\"http:\/\/www.difbadminton.dk\/Fjerbolde\">her<\/a>&nbsp;eller under fanen &#8220;tilmelding&#8221;<\/td><\/tr><\/tbody><\/table><\/figure>\n","protected":false},"excerpt":{"rendered":"<p>Leje af baner Det er muligt at leje baner mandag og tirdag aften. Mandag&nbsp;kan man spille p\u00e5 f\u00f8lgende tidspunkterkl. 19:00-19:50, 19:50-20:40, 20:40-21:30 Tirsdag&nbsp;kan man spille p\u00e5 f\u00f8lgende tidspunkterkl. 19:30-20:20, 20:20-21:10, 21:10-22:00 \u200bTilmelding KontingentHele s\u00e6sonenTidspunkter inden&nbsp;20:40: 2.000 kr. pr. bane (50 min.\/uge) Bem\u00e6rk rabat p\u00e5 leje af baner efter 20:50Vi har tidligere haft sv\u00e6rt ved at [&hellip;]<\/p>\n","protected":false},"author":1,"featured_media":0,"parent":0,"menu_order":0,"comment_status":"closed","ping_status":"closed","template":"","meta":{"footnotes":""},"class_list":["post-37","page","type-page","status-publish","hentry"],"_links":{"self":[{"href":"https:\/\/api.hj-energi.dk\/DIF\/index.php\/wp-json\/wp\/v2\/pages\/37","targetHints":{"allow":["GET"]}}],"collection":[{"href":"https:\/\/api.hj-energi.dk\/DIF\/index.php\/wp-json\/wp\/v2\/pages"}],"about":[{"href":"https:\/\/api.hj-energi.dk\/DIF\/index.php\/wp-json\/wp\/v2\/types\/page"}],"author":[{"embeddable":true,"href":"https:\/\/api.hj-energi.dk\/DIF\/index.php\/wp-json\/wp\/v2\/users\/1"}],"replies":[{"embeddable":true,"href":"https:\/\/api.hj-energi.dk\/DIF\/index.php\/wp-json\/wp\/v2\/comments?post=37"}],"version-history":[{"count":1,"href":"https:\/\/api.hj-energi.dk\/DIF\/index.php\/wp-json\/wp\/v2\/pages\/37\/revisions"}],"predecessor-version":[{"id":38,"href":"https:\/\/api.hj-energi.dk\/DIF\/index.php\/wp-json\/wp\/v2\/pages\/37\/revisions\/38"}],"wp:attachment":[{"href":"https:\/\/api.hj-energi.dk\/DIF\/index.php\/wp-json\/wp\/v2\/media?parent=37"}],"curies":[{"name":"wp","href":"https:\/\/api.w.org\/{rel}","templated":true}]}}