{"id":39,"date":"2025-06-16T19:14:56","date_gmt":"2025-06-16T19:14:56","guid":{"rendered":"https:\/\/api.hj-energi.dk\/DIF\/?page_id=39"},"modified":"2025-08-10T21:27:07","modified_gmt":"2025-08-10T21:27:07","slug":"enkelt-aften","status":"publish","type":"page","link":"https:\/\/api.hj-energi.dk\/DIF\/index.php\/enkelt-aften\/","title":{"rendered":"Baneleje enkelt aften"},"content":{"rendered":"<figure><strong>Leje af bane for enkelt aften<\/strong><\/p>\n<p>Vi har ledige baner mandag og tirsdag aften. Hvis man har lyst til at leje en bane for en enkelt aften betaler man per person.<\/figure>\n<figure><strong>Pris: <\/strong>200 kr. pr. bane.<\/figure>\n<figure><strong>Betaling:\u00a0<\/strong>Via. mobilepay p\u00e5: <em>2763ND<\/em><\/p>\n<p>Kontakt venligst bestyrelsen inden difbadminton@gmail.com eller\u00a0<a href=\"https:\/\/api.hj-energi.dk\/DIF\/index.php\/bestyrelsen\/\">bestyrelsen<\/a>, hvis du vil v\u00e6re sikker p\u00e5 at der er plads p\u00e5 banen<\/p>\n<p><strong>Mandag<\/strong>\u00a0kan man spille p\u00e5 f\u00f8lgende tidspunkter<br \/>\nkl. 20:40-21:30<\/p>\n<p><strong>Tirsdag<\/strong>\u00a0kan man spille p\u00e5 f\u00f8lgende tidspunkter<br \/>\nkl. 20:00-20:50 og 20:50-21:40<\/p>\n<p>De sene tider er der oftest plads.<\/figure>\n","protected":false},"excerpt":{"rendered":"<p>Leje af bane for enkelt aften Vi har ledige baner mandag og tirsdag aften. Hvis man har lyst til at leje en bane for en enkelt aften betaler man per person. Pris: 200 kr. pr. bane. Betaling:\u00a0Via. mobilepay p\u00e5: 2763ND Kontakt venligst bestyrelsen inden difbadminton@gmail.com eller\u00a0bestyrelsen, hvis du vil v\u00e6re sikker p\u00e5 at der er [&hellip;]<\/p>\n","protected":false},"author":1,"featured_media":0,"parent":0,"menu_order":0,"comment_status":"closed","ping_status":"closed","template":"","meta":{"footnotes":""},"class_list":["post-39","page","type-page","status-publish","hentry"],"_links":{"self":[{"href":"https:\/\/api.hj-energi.dk\/DIF\/index.php\/wp-json\/wp\/v2\/pages\/39","targetHints":{"allow":["GET"]}}],"collection":[{"href":"https:\/\/api.hj-energi.dk\/DIF\/index.php\/wp-json\/wp\/v2\/pages"}],"about":[{"href":"https:\/\/api.hj-energi.dk\/DIF\/index.php\/wp-json\/wp\/v2\/types\/page"}],"author":[{"embeddable":true,"href":"https:\/\/api.hj-energi.dk\/DIF\/index.php\/wp-json\/wp\/v2\/users\/1"}],"replies":[{"embeddable":true,"href":"https:\/\/api.hj-energi.dk\/DIF\/index.php\/wp-json\/wp\/v2\/comments?post=39"}],"version-history":[{"count":5,"href":"https:\/\/api.hj-energi.dk\/DIF\/index.php\/wp-json\/wp\/v2\/pages\/39\/revisions"}],"predecessor-version":[{"id":242,"href":"https:\/\/api.hj-energi.dk\/DIF\/index.php\/wp-json\/wp\/v2\/pages\/39\/revisions\/242"}],"wp:attachment":[{"href":"https:\/\/api.hj-energi.dk\/DIF\/index.php\/wp-json\/wp\/v2\/media?parent=39"}],"curies":[{"name":"wp","href":"https:\/\/api.w.org\/{rel}","templated":true}]}}